{"id":86,"date":"2015-11-22T21:22:00","date_gmt":"2015-11-22T21:22:00","guid":{"rendered":"http:\/\/www.domkonciar.sk\/?page_id=86"},"modified":"2025-11-25T15:14:37","modified_gmt":"2025-11-25T14:14:37","slug":"kontakt","status":"publish","type":"page","link":"https:\/\/www.domkonciar.sk\/ru\/kontakt\/","title":{"rendered":"\u041a\u041e\u041d\u0422\u0410\u041a\u0422\u042b"},"content":{"rendered":"<div class=\"boxkontakt\">info@domkonciar.sk\r\n\u0442\u0435\u043b\u0435\u0444\u043e\u043d: +421 950 369 520<\/div>\r\n<div class=\"boxkontakt\">\u0410\u0434\u0440\u0435\u0441:\r\nDom kon\u010diar\r\nLiptovsk\u00fd Ondrej 144\r\n032 04 Liptovsk\u00fd Ondrej\r\nSlovakia GPS 49\u00b005&#8217;55.9&#8243;N 19\u00b043&#8217;09.7&#8243;E<\/div>\r\n<div class=\"boxkontakt\"><a class=\"scss3b-button scss3b-button-braised\" href=\"https:\/\/www.domkonciar.sk\/#section-1862\">\u0411\u0440\u043e\u043d\u0438\u0440\u043e\u0432\u0430\u043d\u0438\u0435<\/a>\r\n<a class=\"scss3b-button scss3b-button-braised\" rel=\"nofollow\" href=\"https:\/\/www.domkonciar.sk\/#section-1862\">\u041f\u0440\u0435\u0439\u0441\u043a\u0443\u0440\u0430\u043d\u0442<\/a>\r\n<a class=\"scss3b-button scss3b-button-braised\" href=\"https:\/\/www.domkonciar.sk\/kontaktny-formular\/\">\u041a\u043e\u043d\u0442\u0430\u043a\u0442\u043d\u044b\u0439 \u0444\u043e\u0440\u043c\u0443\u043b\u044f\u0440<\/a><\/div>","protected":false},"excerpt":{"rendered":"<p>info@domkonciar.sk \u0442\u0435\u043b\u0435\u0444\u043e\u043d: +421 950 369 520 \u0410\u0434\u0440\u0435\u0441: Dom kon\u010diar Liptovsk\u00fd Ondrej 144 032 04 Liptovsk\u00fd Ondrej Slovakia GPS 49\u00b005&#8217;55.9&#8243;N 19\u00b043&#8217;09.7&#8243;E<\/p>\n","protected":false},"author":1,"featured_media":0,"parent":0,"menu_order":0,"comment_status":"closed","ping_status":"closed","template":"","meta":{"footnotes":""},"class_list":["post-86","page","type-page","status-publish","hentry"],"yoast_head":"<!-- This site is optimized with the Yoast SEO plugin v26.4 - https:\/\/yoast.com\/wordpress\/plugins\/seo\/ -->\n<title>\u041a\u041e\u041d\u0422\u0410\u041a\u0422\u042b - \u0414\u043e\u043c \u041a\u043e\u043d\u0447\u0430\u0440 | \u0421\u0435\u043c\u0435\u0439\u043d\u043e\u0435 \u0440\u0430\u0437\u043c\u0435\u0449\u0435\u043d\u0438\u0435 \u0432 \u041b\u0438\u043f\u0442\u043e\u0432\u0435<\/title>\n<meta name=\"robots\" content=\"index, follow, max-snippet:-1, max-image-preview:large, max-video-preview:-1\" \/>\n<link rel=\"canonical\" href=\"https:\/\/www.domkonciar.sk\/kontakt\/\" \/>\n<meta property=\"og:locale\" content=\"ru_RU\" \/>\n<meta property=\"og:type\" content=\"article\" \/>\n<meta property=\"og:title\" content=\"[:sk]KONTAKTY[:en]CONTACTS[:pl]KONTAKTY[:ru]\u041a\u041e\u041d\u0422\u0410\u041a\u0422\u042b[:] - \u0414\u043e\u043c \u041a\u043e\u043d\u0447\u0430\u0440 | \u0421\u0435\u043c\u0435\u0439\u043d\u043e\u0435 \u0440\u0430\u0437\u043c\u0435\u0449\u0435\u043d\u0438\u0435 \u0432 \u041b\u0438\u043f\u0442\u043e\u0432\u0435\" \/>\n<meta property=\"og:description\" content=\"info@domkonciar.sk \u0442\u0435\u043b\u0435\u0444\u043e\u043d: +421 950 369 520 \u0410\u0434\u0440\u0435\u0441: Dom kon\u010diar Liptovsk\u00fd Ondrej 144 032 04 Liptovsk\u00fd Ondrej Slovakia GPS 49\u00b005&#8217;55.9&#8243;N 19\u00b043&#8217;09.7&#8243;E\" \/>\n<meta property=\"og:url\" content=\"https:\/\/www.domkonciar.sk\/kontakt\/\" \/>\n<meta property=\"og:site_name\" content=\"\u0414\u043e\u043c \u041a\u043e\u043d\u0447\u0430\u0440 | \u0421\u0435\u043c\u0435\u0439\u043d\u043e\u0435 \u0440\u0430\u0437\u043c\u0435\u0449\u0435\u043d\u0438\u0435 \u0432 \u041b\u0438\u043f\u0442\u043e\u0432\u0435\" \/>\n<meta property=\"article:modified_time\" content=\"2025-11-25T14:14:37+00:00\" \/>\n<meta name=\"twitter:card\" content=\"summary_large_image\" \/>\n<meta name=\"twitter:label1\" content=\"\u041f\u0440\u0438\u043c\u0435\u0440\u043d\u043e\u0435 \u0432\u0440\u0435\u043c\u044f \u0434\u043b\u044f \u0447\u0442\u0435\u043d\u0438\u044f\" \/>\n\t<meta name=\"twitter:data1\" content=\"1 \u043c\u0438\u043d\u0443\u0442\u0430\" \/>\n<script type=\"application\/ld+json\" class=\"yoast-schema-graph\">{\"@context\":\"https:\/\/schema.org\",\"@graph\":[{\"@type\":\"WebPage\",\"@id\":\"https:\/\/www.domkonciar.sk\/kontakt\/\",\"url\":\"https:\/\/www.domkonciar.sk\/kontakt\/\",\"name\":\"[:sk]KONTAKTY[:en]CONTACTS[:pl]KONTAKTY[:ru]\u041a\u041e\u041d\u0422\u0410\u041a\u0422\u042b[:] - \u0414\u043e\u043c \u041a\u043e\u043d\u0447\u0430\u0440 | \u0421\u0435\u043c\u0435\u0439\u043d\u043e\u0435 \u0440\u0430\u0437\u043c\u0435\u0449\u0435\u043d\u0438\u0435 \u0432 \u041b\u0438\u043f\u0442\u043e\u0432\u0435\",\"isPartOf\":{\"@id\":\"https:\/\/www.domkonciar.sk\/en\/#website\"},\"datePublished\":\"2015-11-22T21:22:00+00:00\",\"dateModified\":\"2025-11-25T14:14:37+00:00\",\"breadcrumb\":{\"@id\":\"https:\/\/www.domkonciar.sk\/kontakt\/#breadcrumb\"},\"inLanguage\":\"ru-RU\",\"potentialAction\":[{\"@type\":\"ReadAction\",\"target\":[\"https:\/\/www.domkonciar.sk\/kontakt\/\"]}]},{\"@type\":\"BreadcrumbList\",\"@id\":\"https:\/\/www.domkonciar.sk\/kontakt\/#breadcrumb\",\"itemListElement\":[{\"@type\":\"ListItem\",\"position\":1,\"name\":\"Home\",\"item\":\"https:\/\/www.domkonciar.sk\/en\/\"},{\"@type\":\"ListItem\",\"position\":2,\"name\":\"KONTAKTY\"}]},{\"@type\":\"WebSite\",\"@id\":\"https:\/\/www.domkonciar.sk\/en\/#website\",\"url\":\"https:\/\/www.domkonciar.sk\/en\/\",\"name\":\"\u0414\u043e\u043c \u041a\u043e\u043d\u0447\u0430\u0440 | \u0421\u0435\u043c\u0435\u0439\u043d\u043e\u0435 \u0440\u0430\u0437\u043c\u0435\u0449\u0435\u043d\u0438\u0435 \u0432 \u041b\u0438\u043f\u0442\u043e\u0432\u0435\",\"description\":\"\",\"potentialAction\":[{\"@type\":\"SearchAction\",\"target\":{\"@type\":\"EntryPoint\",\"urlTemplate\":\"https:\/\/www.domkonciar.sk\/en\/?s={search_term_string}\"},\"query-input\":{\"@type\":\"PropertyValueSpecification\",\"valueRequired\":true,\"valueName\":\"search_term_string\"}}],\"inLanguage\":\"ru-RU\"}]}<\/script>\n<!-- \/ Yoast SEO plugin. -->","yoast_head_json":{"title":"[:sk]KONTAKTY[:en]CONTACTS[:pl]KONTAKTY[:ru]\u041a\u041e\u041d\u0422\u0410\u041a\u0422\u042b[:] - \u0414\u043e\u043c \u041a\u043e\u043d\u0447\u0430\u0440 | \u0421\u0435\u043c\u0435\u0439\u043d\u043e\u0435 \u0440\u0430\u0437\u043c\u0435\u0449\u0435\u043d\u0438\u0435 \u0432 \u041b\u0438\u043f\u0442\u043e\u0432\u0435","robots":{"index":"index","follow":"follow","max-snippet":"max-snippet:-1","max-image-preview":"max-image-preview:large","max-video-preview":"max-video-preview:-1"},"canonical":"https:\/\/www.domkonciar.sk\/kontakt\/","og_locale":"ru_RU","og_type":"article","og_title":"[:sk]KONTAKTY[:en]CONTACTS[:pl]KONTAKTY[:ru]\u041a\u041e\u041d\u0422\u0410\u041a\u0422\u042b[:] - \u0414\u043e\u043c \u041a\u043e\u043d\u0447\u0430\u0440 | \u0421\u0435\u043c\u0435\u0439\u043d\u043e\u0435 \u0440\u0430\u0437\u043c\u0435\u0449\u0435\u043d\u0438\u0435 \u0432 \u041b\u0438\u043f\u0442\u043e\u0432\u0435","og_description":"info@domkonciar.sk \u0442\u0435\u043b\u0435\u0444\u043e\u043d: +421 950 369 520 \u0410\u0434\u0440\u0435\u0441: Dom kon\u010diar Liptovsk\u00fd Ondrej 144 032 04 Liptovsk\u00fd Ondrej Slovakia GPS 49\u00b005&#8217;55.9&#8243;N 19\u00b043&#8217;09.7&#8243;E","og_url":"https:\/\/www.domkonciar.sk\/kontakt\/","og_site_name":"\u0414\u043e\u043c \u041a\u043e\u043d\u0447\u0430\u0440 | \u0421\u0435\u043c\u0435\u0439\u043d\u043e\u0435 \u0440\u0430\u0437\u043c\u0435\u0449\u0435\u043d\u0438\u0435 \u0432 \u041b\u0438\u043f\u0442\u043e\u0432\u0435","article_modified_time":"2025-11-25T14:14:37+00:00","twitter_card":"summary_large_image","twitter_misc":{"\u041f\u0440\u0438\u043c\u0435\u0440\u043d\u043e\u0435 \u0432\u0440\u0435\u043c\u044f \u0434\u043b\u044f \u0447\u0442\u0435\u043d\u0438\u044f":"1 \u043c\u0438\u043d\u0443\u0442\u0430"},"schema":{"@context":"https:\/\/schema.org","@graph":[{"@type":"WebPage","@id":"https:\/\/www.domkonciar.sk\/kontakt\/","url":"https:\/\/www.domkonciar.sk\/kontakt\/","name":"[:sk]KONTAKTY[:en]CONTACTS[:pl]KONTAKTY[:ru]\u041a\u041e\u041d\u0422\u0410\u041a\u0422\u042b[:] - \u0414\u043e\u043c \u041a\u043e\u043d\u0447\u0430\u0440 | \u0421\u0435\u043c\u0435\u0439\u043d\u043e\u0435 \u0440\u0430\u0437\u043c\u0435\u0449\u0435\u043d\u0438\u0435 \u0432 \u041b\u0438\u043f\u0442\u043e\u0432\u0435","isPartOf":{"@id":"https:\/\/www.domkonciar.sk\/en\/#website"},"datePublished":"2015-11-22T21:22:00+00:00","dateModified":"2025-11-25T14:14:37+00:00","breadcrumb":{"@id":"https:\/\/www.domkonciar.sk\/kontakt\/#breadcrumb"},"inLanguage":"ru-RU","potentialAction":[{"@type":"ReadAction","target":["https:\/\/www.domkonciar.sk\/kontakt\/"]}]},{"@type":"BreadcrumbList","@id":"https:\/\/www.domkonciar.sk\/kontakt\/#breadcrumb","itemListElement":[{"@type":"ListItem","position":1,"name":"Home","item":"https:\/\/www.domkonciar.sk\/en\/"},{"@type":"ListItem","position":2,"name":"KONTAKTY"}]},{"@type":"WebSite","@id":"https:\/\/www.domkonciar.sk\/en\/#website","url":"https:\/\/www.domkonciar.sk\/en\/","name":"\u0414\u043e\u043c \u041a\u043e\u043d\u0447\u0430\u0440 | \u0421\u0435\u043c\u0435\u0439\u043d\u043e\u0435 \u0440\u0430\u0437\u043c\u0435\u0449\u0435\u043d\u0438\u0435 \u0432 \u041b\u0438\u043f\u0442\u043e\u0432\u0435","description":"","potentialAction":[{"@type":"SearchAction","target":{"@type":"EntryPoint","urlTemplate":"https:\/\/www.domkonciar.sk\/en\/?s={search_term_string}"},"query-input":{"@type":"PropertyValueSpecification","valueRequired":true,"valueName":"search_term_string"}}],"inLanguage":"ru-RU"}]}},"_links":{"self":[{"href":"https:\/\/www.domkonciar.sk\/ru\/wp-json\/wp\/v2\/pages\/86","targetHints":{"allow":["GET"]}}],"collection":[{"href":"https:\/\/www.domkonciar.sk\/ru\/wp-json\/wp\/v2\/pages"}],"about":[{"href":"https:\/\/www.domkonciar.sk\/ru\/wp-json\/wp\/v2\/types\/page"}],"author":[{"embeddable":true,"href":"https:\/\/www.domkonciar.sk\/ru\/wp-json\/wp\/v2\/users\/1"}],"replies":[{"embeddable":true,"href":"https:\/\/www.domkonciar.sk\/ru\/wp-json\/wp\/v2\/comments?post=86"}],"version-history":[{"count":0,"href":"https:\/\/www.domkonciar.sk\/ru\/wp-json\/wp\/v2\/pages\/86\/revisions"}],"wp:attachment":[{"href":"https:\/\/www.domkonciar.sk\/ru\/wp-json\/wp\/v2\/media?parent=86"}],"curies":[{"name":"wp","href":"https:\/\/api.w.org\/{rel}","templated":true}]}}