{"id":260,"date":"2015-12-11T12:05:32","date_gmt":"2015-12-11T12:05:32","guid":{"rendered":"http:\/\/www.domkonciar.sk\/?page_id=260"},"modified":"2020-10-17T22:18:22","modified_gmt":"2020-10-17T20:18:22","slug":"kontaktny-formular","status":"publish","type":"page","link":"https:\/\/www.domkonciar.sk\/pl\/kontaktny-formular\/","title":{"rendered":"Formularz kontaktowy"},"content":{"rendered":"<p><div class=\"ufbl-form-wrapper ufbl-default-template\" style=\"width:100%;\">\r\n    <form method=\"post\" action=\"\" class=\"ufbl-front-form\">\r\n\t\t<div class=\"ufbl-form-title\">Formularz kontaktowy<\/div>\t\t\t\t<input type=\"hidden\" name=\"form_id\" value=\"4\" class=\"form-id\"\/>\r\n\t\t\t\t\t\t\t\t<div class=\"ufbl-form-field-wrap \" >\r\n\t\t\t\t\t\t\t<label>Imi\u0119 i nazwisko<\/label>\r\n\t\t\t\t\t\t\t<div class=\"ufbl-form-field\">\r\n\t\t\t\t\t\t\t\t<input type=\"text\" name=\"ufbl_field_1\" class=\"ufbl-form-textfield ufbl-required\" data-max-chars=\"\" data-min-chars=\"\" data-error-message=\"Wpisz swoje imi\u0119 i nazwisko\" placeholder=\"Twoje imi\u0119 i nazwisko tutaj\" value=\"\"\/>\r\n\t\t\t\t\t\t\t\t<div class=\"ufbl-error\"  data-error-key=\"ufbl_field_1\"><\/div>\r\n\t\t\t\t\t\t\t<\/div>\r\n\t\t\t\t\t\t<\/div>\r\n\t\t\t\t\t\t\t\t\t\t\t\t<div class=\"ufbl-form-field-wrap email\" >\r\n\t\t\t\t\t\t\t<label>E-mail<\/label>\r\n\t\t\t\t\t\t\t<div class=\"ufbl-form-field\">\r\n\t\t\t\t\t\t\t\t<input type=\"email\" name=\"ufbl_field_2\" class=\"ufbl-email-field ufbl-required\" data-error-message=\"\" placeholder=\"Tw\u00f3j email tutaj\" value=\"\"\/>\r\n\t\t\t\t\t\t\t\t<div class=\"ufbl-error\"  data-error-key=\"ufbl_field_2\"><\/div>\r\n\t\t\t\t\t\t\t<\/div>\r\n\t\t\t\t\t\t<\/div>\r\n\t\t\t\t\t\t\t\t\t\t\t\t<div class=\"ufbl-form-field-wrap \" >\r\n\t\t\t\t\t\t\t<label>Wiadomo\u015b\u0107<\/label>\r\n\t\t\t\t\t\t\t<div class=\"ufbl-form-field\">\r\n\t\t\t\t\t\t\t\t<textarea name=\"ufbl_field_3\" class=\"ufbl-form-textarea \" data-max-chars=\"\" data-min-chars=\"\" data-error-message=\"Prosz\u0119 wype\u0142ni\u0107 wiadomo\u015b\u0107\" rows=\"5\" cols=\"10\" placeholder=\"Twoja wiadomo\u015b\u0107 tutaj\"><\/textarea>\r\n\t\t\t\t\t\t\t\t<div class=\"ufbl-error\"  data-error-key=\"ufbl_field_3\"><\/div>\r\n\t\t\t\t\t\t\t<\/div>\r\n\t\t\t\t\t\t<\/div>\r\n\t\t\t\t\t\t\t\t\t\t\t\t<div class=\"ufbl-form-field-wrap \" >\r\n\t\t\t\t\t\t\t<label>Ochrona przed spamem<\/label>\r\n\t\t\t\t\t\t\t<div class=\"ufbl-form-field\">\r\n\t\t\t\t\t\t\t\t\t\t\t\t\t\t\t\t\t<div class=\"ufbl-math-captcha-wrap\">\r\n\t\t\t\t\t\t\t\t\t\t<span class=\"ufbl-captcha-num\">5<\/span> + <span>8<\/span> = <input type=\"text\" name=\"ufbl_field_4\" class=\"ufbl-math-captcha-ans\" placeholder=\"Napisa\u0107 wynik\"\/>\r\n\t\t\t\t\t\t\t\t\t\t<input type=\"hidden\" name=\"ufbl_field_4_num_1\" value=\"5\"\/>\r\n\t\t\t\t\t\t\t\t\t\t<input type=\"hidden\" name=\"ufbl_field_4_num_2\" value=\"8\"\/>\r\n\t\t\t\t\t\t\t\t\t<\/div>\r\n\t\t\t\t\t\t\t\t\r\n\t\t\t\t\t\t\t\t<div class=\"ufbl-error\" data-error-key=\"ufbl_field_4\"><\/div>\r\n\t\t\t\t\t\t\t<\/div>\r\n\t\t\t\t\t\t<\/div>\r\n\t\t\t\t\t\t\t\t\t\t\t\t<div class=\"ufbl-form-field-wrap \" >\r\n\t\t\t\t\t\t\t<div class=\"ufbl-form-field\">\r\n\t\t\t\t\t\t\t\t<input type=\"submit\" class=\"ufbl-form-submit\" name=\"ufbl_field_5\" value=\"WYS\u0141A\u0106\"\/>\r\n\t\t\t\t\t\t\t\t\t\t\t\t\t\t\t\t<input type=\"reset\" class=\"ufbl-form-reset\" value=\"USUN\u0104\u0106\"\/>\r\n\t\t\t\t\t\t\t\t\t\t\t\t\t\t\t\t<span class=\"ufbl-form-loader\" style=\"display:none\"><\/span>\r\n\t\t\t\t\t\t\t<\/div>\r\n\t\t\t\t\t\t<\/div>\r\n\t\t\t\t\t\t\t\t<div class=\"ufbl-form-message\" style=\"display: none;\"><\/div>\r\n\r\n\t\t\t<\/form>\r\n\r\n<\/div>\r\n\r\n<\/p>","protected":false},"excerpt":{"rendered":"","protected":false},"author":1,"featured_media":0,"parent":0,"menu_order":0,"comment_status":"closed","ping_status":"closed","template":"","meta":{"footnotes":""},"class_list":["post-260","page","type-page","status-publish","hentry"],"yoast_head":"<!-- This site is optimized with the Yoast SEO plugin v26.4 - https:\/\/yoast.com\/wordpress\/plugins\/seo\/ -->\n<title>Formularz kontaktowy - Dom Kon\u010diar | Dom dla go\u0161ci dla rodzin<\/title>\n<meta name=\"robots\" content=\"index, follow, max-snippet:-1, max-image-preview:large, max-video-preview:-1\" \/>\n<link rel=\"canonical\" href=\"https:\/\/www.domkonciar.sk\/kontaktny-formular\/\" \/>\n<meta property=\"og:locale\" content=\"pl_PL\" \/>\n<meta property=\"og:type\" content=\"article\" \/>\n<meta property=\"og:title\" content=\"[:sk]Kontaktn\u00fd formul\u00e1r[:en]Contact form[:pl]Formularz kontaktowy[:ru]\u041a\u043e\u043d\u0442\u0430\u043a\u0442\u043d\u044b\u0439 \u0444\u043e\u0440\u043c\u0443\u043b\u044f\u0440[:] - Dom Kon\u010diar | Dom dla go\u0161ci dla rodzin\" \/>\n<meta property=\"og:url\" content=\"https:\/\/www.domkonciar.sk\/kontaktny-formular\/\" \/>\n<meta property=\"og:site_name\" content=\"Dom Kon\u010diar | Dom dla go\u0161ci dla rodzin\" \/>\n<meta property=\"article:modified_time\" content=\"2020-10-17T20:18:22+00:00\" \/>\n<meta name=\"twitter:card\" content=\"summary_large_image\" \/>\n<script type=\"application\/ld+json\" class=\"yoast-schema-graph\">{\"@context\":\"https:\/\/schema.org\",\"@graph\":[{\"@type\":\"WebPage\",\"@id\":\"https:\/\/www.domkonciar.sk\/kontaktny-formular\/\",\"url\":\"https:\/\/www.domkonciar.sk\/kontaktny-formular\/\",\"name\":\"[:sk]Kontaktn\u00fd formul\u00e1r[:en]Contact form[:pl]Formularz kontaktowy[:ru]\u041a\u043e\u043d\u0442\u0430\u043a\u0442\u043d\u044b\u0439 \u0444\u043e\u0440\u043c\u0443\u043b\u044f\u0440[:] - Dom Kon\u010diar | Dom dla go\u0161ci dla rodzin\",\"isPartOf\":{\"@id\":\"https:\/\/www.domkonciar.sk\/en\/#website\"},\"datePublished\":\"2015-12-11T12:05:32+00:00\",\"dateModified\":\"2020-10-17T20:18:22+00:00\",\"breadcrumb\":{\"@id\":\"https:\/\/www.domkonciar.sk\/kontaktny-formular\/#breadcrumb\"},\"inLanguage\":\"pl-PL\",\"potentialAction\":[{\"@type\":\"ReadAction\",\"target\":[\"https:\/\/www.domkonciar.sk\/kontaktny-formular\/\"]}]},{\"@type\":\"BreadcrumbList\",\"@id\":\"https:\/\/www.domkonciar.sk\/kontaktny-formular\/#breadcrumb\",\"itemListElement\":[{\"@type\":\"ListItem\",\"position\":1,\"name\":\"Home\",\"item\":\"https:\/\/www.domkonciar.sk\/en\/\"},{\"@type\":\"ListItem\",\"position\":2,\"name\":\"Kontaktn\u00fd formul\u00e1r\"}]},{\"@type\":\"WebSite\",\"@id\":\"https:\/\/www.domkonciar.sk\/en\/#website\",\"url\":\"https:\/\/www.domkonciar.sk\/en\/\",\"name\":\"Dom Kon\u010diar | Dom dla go\u0161ci dla rodzin\",\"description\":\"\",\"potentialAction\":[{\"@type\":\"SearchAction\",\"target\":{\"@type\":\"EntryPoint\",\"urlTemplate\":\"https:\/\/www.domkonciar.sk\/en\/?s={search_term_string}\"},\"query-input\":{\"@type\":\"PropertyValueSpecification\",\"valueRequired\":true,\"valueName\":\"search_term_string\"}}],\"inLanguage\":\"pl-PL\"}]}<\/script>\n<!-- \/ Yoast SEO plugin. -->","yoast_head_json":{"title":"[:sk]Kontaktn\u00fd formul\u00e1r[:en]Contact form[:pl]Formularz kontaktowy[:ru]\u041a\u043e\u043d\u0442\u0430\u043a\u0442\u043d\u044b\u0439 \u0444\u043e\u0440\u043c\u0443\u043b\u044f\u0440[:] - Dom Kon\u010diar | Dom dla go\u0161ci dla rodzin","robots":{"index":"index","follow":"follow","max-snippet":"max-snippet:-1","max-image-preview":"max-image-preview:large","max-video-preview":"max-video-preview:-1"},"canonical":"https:\/\/www.domkonciar.sk\/kontaktny-formular\/","og_locale":"pl_PL","og_type":"article","og_title":"[:sk]Kontaktn\u00fd formul\u00e1r[:en]Contact form[:pl]Formularz kontaktowy[:ru]\u041a\u043e\u043d\u0442\u0430\u043a\u0442\u043d\u044b\u0439 \u0444\u043e\u0440\u043c\u0443\u043b\u044f\u0440[:] - Dom Kon\u010diar | Dom dla go\u0161ci dla rodzin","og_url":"https:\/\/www.domkonciar.sk\/kontaktny-formular\/","og_site_name":"Dom Kon\u010diar | Dom dla go\u0161ci dla rodzin","article_modified_time":"2020-10-17T20:18:22+00:00","twitter_card":"summary_large_image","schema":{"@context":"https:\/\/schema.org","@graph":[{"@type":"WebPage","@id":"https:\/\/www.domkonciar.sk\/kontaktny-formular\/","url":"https:\/\/www.domkonciar.sk\/kontaktny-formular\/","name":"[:sk]Kontaktn\u00fd formul\u00e1r[:en]Contact form[:pl]Formularz kontaktowy[:ru]\u041a\u043e\u043d\u0442\u0430\u043a\u0442\u043d\u044b\u0439 \u0444\u043e\u0440\u043c\u0443\u043b\u044f\u0440[:] - Dom Kon\u010diar | Dom dla go\u0161ci dla rodzin","isPartOf":{"@id":"https:\/\/www.domkonciar.sk\/en\/#website"},"datePublished":"2015-12-11T12:05:32+00:00","dateModified":"2020-10-17T20:18:22+00:00","breadcrumb":{"@id":"https:\/\/www.domkonciar.sk\/kontaktny-formular\/#breadcrumb"},"inLanguage":"pl-PL","potentialAction":[{"@type":"ReadAction","target":["https:\/\/www.domkonciar.sk\/kontaktny-formular\/"]}]},{"@type":"BreadcrumbList","@id":"https:\/\/www.domkonciar.sk\/kontaktny-formular\/#breadcrumb","itemListElement":[{"@type":"ListItem","position":1,"name":"Home","item":"https:\/\/www.domkonciar.sk\/en\/"},{"@type":"ListItem","position":2,"name":"Kontaktn\u00fd formul\u00e1r"}]},{"@type":"WebSite","@id":"https:\/\/www.domkonciar.sk\/en\/#website","url":"https:\/\/www.domkonciar.sk\/en\/","name":"Dom Kon\u010diar | Dom dla go\u0161ci dla rodzin","description":"","potentialAction":[{"@type":"SearchAction","target":{"@type":"EntryPoint","urlTemplate":"https:\/\/www.domkonciar.sk\/en\/?s={search_term_string}"},"query-input":{"@type":"PropertyValueSpecification","valueRequired":true,"valueName":"search_term_string"}}],"inLanguage":"pl-PL"}]}},"_links":{"self":[{"href":"https:\/\/www.domkonciar.sk\/pl\/wp-json\/wp\/v2\/pages\/260","targetHints":{"allow":["GET"]}}],"collection":[{"href":"https:\/\/www.domkonciar.sk\/pl\/wp-json\/wp\/v2\/pages"}],"about":[{"href":"https:\/\/www.domkonciar.sk\/pl\/wp-json\/wp\/v2\/types\/page"}],"author":[{"embeddable":true,"href":"https:\/\/www.domkonciar.sk\/pl\/wp-json\/wp\/v2\/users\/1"}],"replies":[{"embeddable":true,"href":"https:\/\/www.domkonciar.sk\/pl\/wp-json\/wp\/v2\/comments?post=260"}],"version-history":[{"count":0,"href":"https:\/\/www.domkonciar.sk\/pl\/wp-json\/wp\/v2\/pages\/260\/revisions"}],"wp:attachment":[{"href":"https:\/\/www.domkonciar.sk\/pl\/wp-json\/wp\/v2\/media?parent=260"}],"curies":[{"name":"wp","href":"https:\/\/api.w.org\/{rel}","templated":true}]}}