{"id":1364,"date":"2017-04-23T21:36:00","date_gmt":"2017-04-23T19:36:00","guid":{"rendered":"http:\/\/www.domkonciar.sk\/?page_id=1364"},"modified":"2025-11-25T15:47:15","modified_gmt":"2025-11-25T14:47:15","slug":"hodnotenia","status":"publish","type":"page","link":"https:\/\/www.domkonciar.sk\/pl\/hodnotenia\/","title":{"rendered":"OPINIE"},"content":{"rendered":"<p><img loading=\"lazy\" decoding=\"async\" class=\"alignnone wp-image-1388\" src=\"https:\/\/www.domkonciar.sk\/wp-content\/uploads\/2017\/04\/bookingcom-300x50.png\" alt=\"\" width=\"234\" height=\"39\" \/><img loading=\"lazy\" decoding=\"async\" class=\"alignnone wp-image-1649 size-thumbnail\" style=\"margin: 0 0 0 50px;\" src=\"https:\/\/www.domkonciar.sk\/wp-content\/uploads\/2018\/01\/guest-review-awards-2017m-150x150.jpg\" alt=\"\" width=\"150\" height=\"150\" \/> Opinie &#8211; <a href=\"https:\/\/www.booking.com\/hotel\/sk\/dom-konciar.sk.html?aid=304142;label=gen173nr-1FCAEoggJCAlhYSDNiBW5vcmVmaM0BiAEBmAEiuAEIyAEM2AEB6AEB-AELkgIBeagCAw;sid=27fa2a3be2b5b7400a5e0a6c14b2d7fb;all_sr_blocks=163794203_96706703_2_0_0;checkin=2017-04-28;checkout=2017-04-30;dest_id=-843741;dest_type=city;dist=0;group_adults=2;highlighted_blocks=163794203_96706703_2_0_0;hpos=1;raw_dest_type=hotel;room1=A%2CA;sb_price_type=total;srfid=2a69dba0b6993c33799d7324a8e5933615fd192cX1;type=total;ucfs=1&amp;#tab-reviews\" target=\"_blank\" rel=\"noopener noreferrer\">Booking.com<\/a> <span style=\"color: #ffffff;\">.<\/span> <img loading=\"lazy\" decoding=\"async\" class=\"alignnone wp-image-1386\" src=\"https:\/\/www.domkonciar.sk\/wp-content\/uploads\/2017\/04\/airbnb24-300x94.png\" alt=\"\" width=\"234\" height=\"73\" \/><\/p>\r\n<div>Apartament 1 (dla ma\u0142ej rodziny) &#8211; <a href=\"https:\/\/www.airbnb.com\/rooms\/10202872\" target=\"_blank\" rel=\"noopener noreferrer\" data-saferedirecturl=\"https:\/\/www.google.com\/url?hl=sk&amp;q=https:\/\/www.airbnb.com\/rooms\/10202872&amp;source=gmail&amp;ust=1493062105217000&amp;usg=AFQjCNExuOwO_SgUZ_a1L1EdW4ITMRjgFQ\">https:\/\/www.airbnb.com\/rooms\/<wbr \/>10202872<\/a><\/div>\r\n<div>Apartament 2 (dla du\u017cej rodziny) &#8211; <a href=\"https:\/\/www.airbnb.com\/rooms\/10153752\" target=\"_blank\" rel=\"noopener noreferrer\" data-saferedirecturl=\"https:\/\/www.google.com\/url?hl=sk&amp;q=https:\/\/www.airbnb.com\/rooms\/10153752&amp;source=gmail&amp;ust=1493062105217000&amp;usg=AFQjCNHOOuiYJ9vWlNkEyDEnlqoBDWf1OA\">https:\/\/www.airbnb.com\/rooms\/<wbr \/>10153752<\/a><\/div>\r\n<div>Studio\u00a0 (dla dwojga) &#8211; <a href=\"https:\/\/www.airbnb.com\/rooms\/10608465\" target=\"_blank\" rel=\"noopener noreferrer\" data-saferedirecturl=\"https:\/\/www.google.com\/url?hl=sk&amp;q=https:\/\/www.airbnb.com\/rooms\/10608465&amp;source=gmail&amp;ust=1493062105217000&amp;usg=AFQjCNGRP-D-0cn_KWyaJfA44WLmEYcRIw\">https:\/\/www.airbnb.com\/rooms\/<wbr \/>10608465<\/a><\/div>\r\n<p><\/p>","protected":false},"excerpt":{"rendered":"<p>Opinie &#8211; Booking.com . Apartament 1 (dla ma\u0142ej rodziny) &#8211; https:\/\/www.airbnb.com\/rooms\/10202872 Apartament 2 (dla du\u017cej rodziny) &#8211; https:\/\/www.airbnb.com\/rooms\/10153752 Studio\u00a0 (dla dwojga) &#8211; https:\/\/www.airbnb.com\/rooms\/10608465<\/p>\n","protected":false},"author":1,"featured_media":0,"parent":0,"menu_order":0,"comment_status":"closed","ping_status":"closed","template":"","meta":{"footnotes":""},"class_list":["post-1364","page","type-page","status-publish","hentry"],"yoast_head":"<!-- This site is optimized with the Yoast SEO plugin v26.4 - https:\/\/yoast.com\/wordpress\/plugins\/seo\/ -->\n<title>OPINIE - Dom Kon\u010diar | Dom dla go\u0161ci dla rodzin<\/title>\n<meta name=\"robots\" content=\"index, follow, max-snippet:-1, max-image-preview:large, max-video-preview:-1\" \/>\n<link rel=\"canonical\" href=\"https:\/\/www.domkonciar.sk\/hodnotenia\/\" \/>\n<meta property=\"og:locale\" content=\"pl_PL\" \/>\n<meta property=\"og:type\" content=\"article\" \/>\n<meta property=\"og:title\" content=\"[:sk]HODNOTENIA[:en]REVIEWS[:pl]OPINIE[:ru]\u041e\u0422\u0417\u042b\u0412\u042b[:] - Dom Kon\u010diar | Dom dla go\u0161ci dla rodzin\" \/>\n<meta property=\"og:description\" content=\"Opinie &#8211; Booking.com . Apartament 1 (dla ma\u0142ej rodziny) &#8211; https:\/\/www.airbnb.com\/rooms\/10202872 Apartament 2 (dla du\u017cej rodziny) &#8211; https:\/\/www.airbnb.com\/rooms\/10153752 Studio\u00a0 (dla dwojga) &#8211; https:\/\/www.airbnb.com\/rooms\/10608465\" \/>\n<meta property=\"og:url\" content=\"https:\/\/www.domkonciar.sk\/hodnotenia\/\" \/>\n<meta property=\"og:site_name\" content=\"Dom Kon\u010diar | Dom dla go\u0161ci dla rodzin\" \/>\n<meta property=\"article:modified_time\" content=\"2025-11-25T14:47:15+00:00\" \/>\n<meta property=\"og:image\" content=\"https:\/\/www.domkonciar.sk\/wp-content\/uploads\/2025\/11\/booking.png\" \/>\n\t<meta property=\"og:image:width\" content=\"300\" \/>\n\t<meta property=\"og:image:height\" content=\"70\" \/>\n\t<meta property=\"og:image:type\" content=\"image\/png\" \/>\n<meta name=\"twitter:card\" content=\"summary_large_image\" \/>\n<meta name=\"twitter:label1\" content=\"Szacowany czas czytania\" \/>\n\t<meta name=\"twitter:data1\" content=\"1 minuta\" \/>\n<script type=\"application\/ld+json\" class=\"yoast-schema-graph\">{\"@context\":\"https:\/\/schema.org\",\"@graph\":[{\"@type\":\"WebPage\",\"@id\":\"https:\/\/www.domkonciar.sk\/hodnotenia\/\",\"url\":\"https:\/\/www.domkonciar.sk\/hodnotenia\/\",\"name\":\"[:sk]HODNOTENIA[:en]REVIEWS[:pl]OPINIE[:ru]\u041e\u0422\u0417\u042b\u0412\u042b[:] - Dom Kon\u010diar | Dom dla go\u0161ci dla rodzin\",\"isPartOf\":{\"@id\":\"https:\/\/www.domkonciar.sk\/en\/#website\"},\"primaryImageOfPage\":{\"@id\":\"https:\/\/www.domkonciar.sk\/hodnotenia\/#primaryimage\"},\"image\":{\"@id\":\"https:\/\/www.domkonciar.sk\/hodnotenia\/#primaryimage\"},\"thumbnailUrl\":\"https:\/\/www.domkonciar.sk\/wp-content\/uploads\/2025\/11\/booking.png\",\"datePublished\":\"2017-04-23T19:36:00+00:00\",\"dateModified\":\"2025-11-25T14:47:15+00:00\",\"breadcrumb\":{\"@id\":\"https:\/\/www.domkonciar.sk\/hodnotenia\/#breadcrumb\"},\"inLanguage\":\"pl-PL\",\"potentialAction\":[{\"@type\":\"ReadAction\",\"target\":[\"https:\/\/www.domkonciar.sk\/hodnotenia\/\"]}]},{\"@type\":\"ImageObject\",\"inLanguage\":\"pl-PL\",\"@id\":\"https:\/\/www.domkonciar.sk\/hodnotenia\/#primaryimage\",\"url\":\"https:\/\/www.domkonciar.sk\/wp-content\/uploads\/2025\/11\/booking.png\",\"contentUrl\":\"https:\/\/www.domkonciar.sk\/wp-content\/uploads\/2025\/11\/booking.png\"},{\"@type\":\"BreadcrumbList\",\"@id\":\"https:\/\/www.domkonciar.sk\/hodnotenia\/#breadcrumb\",\"itemListElement\":[{\"@type\":\"ListItem\",\"position\":1,\"name\":\"Home\",\"item\":\"https:\/\/www.domkonciar.sk\/en\/\"},{\"@type\":\"ListItem\",\"position\":2,\"name\":\"HODNOTENIA\"}]},{\"@type\":\"WebSite\",\"@id\":\"https:\/\/www.domkonciar.sk\/en\/#website\",\"url\":\"https:\/\/www.domkonciar.sk\/en\/\",\"name\":\"Dom Kon\u010diar | Dom dla go\u0161ci dla rodzin\",\"description\":\"\",\"potentialAction\":[{\"@type\":\"SearchAction\",\"target\":{\"@type\":\"EntryPoint\",\"urlTemplate\":\"https:\/\/www.domkonciar.sk\/en\/?s={search_term_string}\"},\"query-input\":{\"@type\":\"PropertyValueSpecification\",\"valueRequired\":true,\"valueName\":\"search_term_string\"}}],\"inLanguage\":\"pl-PL\"}]}<\/script>\n<!-- \/ Yoast SEO plugin. -->","yoast_head_json":{"title":"[:sk]HODNOTENIA[:en]REVIEWS[:pl]OPINIE[:ru]\u041e\u0422\u0417\u042b\u0412\u042b[:] - Dom Kon\u010diar | Dom dla go\u0161ci dla rodzin","robots":{"index":"index","follow":"follow","max-snippet":"max-snippet:-1","max-image-preview":"max-image-preview:large","max-video-preview":"max-video-preview:-1"},"canonical":"https:\/\/www.domkonciar.sk\/hodnotenia\/","og_locale":"pl_PL","og_type":"article","og_title":"[:sk]HODNOTENIA[:en]REVIEWS[:pl]OPINIE[:ru]\u041e\u0422\u0417\u042b\u0412\u042b[:] - Dom Kon\u010diar | Dom dla go\u0161ci dla rodzin","og_description":"Opinie &#8211; Booking.com . Apartament 1 (dla ma\u0142ej rodziny) &#8211; https:\/\/www.airbnb.com\/rooms\/10202872 Apartament 2 (dla du\u017cej rodziny) &#8211; https:\/\/www.airbnb.com\/rooms\/10153752 Studio\u00a0 (dla dwojga) &#8211; https:\/\/www.airbnb.com\/rooms\/10608465","og_url":"https:\/\/www.domkonciar.sk\/hodnotenia\/","og_site_name":"Dom Kon\u010diar | Dom dla go\u0161ci dla rodzin","article_modified_time":"2025-11-25T14:47:15+00:00","og_image":[{"width":300,"height":70,"url":"https:\/\/www.domkonciar.sk\/wp-content\/uploads\/2025\/11\/booking.png","type":"image\/png"}],"twitter_card":"summary_large_image","twitter_misc":{"Szacowany czas czytania":"1 minuta"},"schema":{"@context":"https:\/\/schema.org","@graph":[{"@type":"WebPage","@id":"https:\/\/www.domkonciar.sk\/hodnotenia\/","url":"https:\/\/www.domkonciar.sk\/hodnotenia\/","name":"[:sk]HODNOTENIA[:en]REVIEWS[:pl]OPINIE[:ru]\u041e\u0422\u0417\u042b\u0412\u042b[:] - Dom Kon\u010diar | Dom dla go\u0161ci dla rodzin","isPartOf":{"@id":"https:\/\/www.domkonciar.sk\/en\/#website"},"primaryImageOfPage":{"@id":"https:\/\/www.domkonciar.sk\/hodnotenia\/#primaryimage"},"image":{"@id":"https:\/\/www.domkonciar.sk\/hodnotenia\/#primaryimage"},"thumbnailUrl":"https:\/\/www.domkonciar.sk\/wp-content\/uploads\/2025\/11\/booking.png","datePublished":"2017-04-23T19:36:00+00:00","dateModified":"2025-11-25T14:47:15+00:00","breadcrumb":{"@id":"https:\/\/www.domkonciar.sk\/hodnotenia\/#breadcrumb"},"inLanguage":"pl-PL","potentialAction":[{"@type":"ReadAction","target":["https:\/\/www.domkonciar.sk\/hodnotenia\/"]}]},{"@type":"ImageObject","inLanguage":"pl-PL","@id":"https:\/\/www.domkonciar.sk\/hodnotenia\/#primaryimage","url":"https:\/\/www.domkonciar.sk\/wp-content\/uploads\/2025\/11\/booking.png","contentUrl":"https:\/\/www.domkonciar.sk\/wp-content\/uploads\/2025\/11\/booking.png"},{"@type":"BreadcrumbList","@id":"https:\/\/www.domkonciar.sk\/hodnotenia\/#breadcrumb","itemListElement":[{"@type":"ListItem","position":1,"name":"Home","item":"https:\/\/www.domkonciar.sk\/en\/"},{"@type":"ListItem","position":2,"name":"HODNOTENIA"}]},{"@type":"WebSite","@id":"https:\/\/www.domkonciar.sk\/en\/#website","url":"https:\/\/www.domkonciar.sk\/en\/","name":"Dom Kon\u010diar | Dom dla go\u0161ci dla rodzin","description":"","potentialAction":[{"@type":"SearchAction","target":{"@type":"EntryPoint","urlTemplate":"https:\/\/www.domkonciar.sk\/en\/?s={search_term_string}"},"query-input":{"@type":"PropertyValueSpecification","valueRequired":true,"valueName":"search_term_string"}}],"inLanguage":"pl-PL"}]}},"_links":{"self":[{"href":"https:\/\/www.domkonciar.sk\/pl\/wp-json\/wp\/v2\/pages\/1364","targetHints":{"allow":["GET"]}}],"collection":[{"href":"https:\/\/www.domkonciar.sk\/pl\/wp-json\/wp\/v2\/pages"}],"about":[{"href":"https:\/\/www.domkonciar.sk\/pl\/wp-json\/wp\/v2\/types\/page"}],"author":[{"embeddable":true,"href":"https:\/\/www.domkonciar.sk\/pl\/wp-json\/wp\/v2\/users\/1"}],"replies":[{"embeddable":true,"href":"https:\/\/www.domkonciar.sk\/pl\/wp-json\/wp\/v2\/comments?post=1364"}],"version-history":[{"count":0,"href":"https:\/\/www.domkonciar.sk\/pl\/wp-json\/wp\/v2\/pages\/1364\/revisions"}],"wp:attachment":[{"href":"https:\/\/www.domkonciar.sk\/pl\/wp-json\/wp\/v2\/media?parent=1364"}],"curies":[{"name":"wp","href":"https:\/\/api.w.org\/{rel}","templated":true}]}}